{"id":10,"date":"2019-12-09T10:23:30","date_gmt":"2019-12-09T10:23:30","guid":{"rendered":"http:\/\/visitsouthcoastfinland.fi\/?page_id=10"},"modified":"2024-02-15T12:01:42","modified_gmt":"2024-02-15T12:01:42","slug":"visit-south-coast-finland","status":"publish","type":"page","link":"https:\/\/visitsouthcoastfinland.fi\/","title":{"rendered":"Visit South Coast Finland"},"content":{"rendered":"\n<div class=\"wp-block-cover is-light\"><span aria-hidden=\"true\" class=\"wp-block-cover__background has-background-dim\"><\/span><img loading=\"lazy\" decoding=\"async\" width=\"1400\" height=\"933\" class=\"wp-block-cover__image-background wp-image-11\" alt=\"\" src=\"http:\/\/visitsouthcoastfinland.fi\/wp-content\/uploads\/2019\/12\/16045_etsrqs_c_scalew_1400.jpg\" data-object-fit=\"cover\" srcset=\"https:\/\/visitsouthcoastfinland.fi\/wp-content\/uploads\/2019\/12\/16045_etsrqs_c_scalew_1400.jpg 1400w, https:\/\/visitsouthcoastfinland.fi\/wp-content\/uploads\/2019\/12\/16045_etsrqs_c_scalew_1400-300x200.jpg 300w, https:\/\/visitsouthcoastfinland.fi\/wp-content\/uploads\/2019\/12\/16045_etsrqs_c_scalew_1400-1024x682.jpg 1024w, https:\/\/visitsouthcoastfinland.fi\/wp-content\/uploads\/2019\/12\/16045_etsrqs_c_scalew_1400-768x512.jpg 768w, https:\/\/visitsouthcoastfinland.fi\/wp-content\/uploads\/2019\/12\/16045_etsrqs_c_scalew_1400-1200x800.jpg 1200w\" sizes=\"auto, (max-width: 1400px) 100vw, 1400px\" \/><div class=\"wp-block-cover__inner-container is-layout-flow wp-block-cover-is-layout-flow\">\n<p class=\"has-text-align-center has-large-font-size\">Visit South Coast Finland<\/p>\n<\/div><\/div>\n\n\n\n<h2 class=\"wp-block-heading\">ONKO RAASEPORI SUOMEN PARAS KES\u00c4KAUPUNKI?<\/h2>\n\n\n\n<p>Kaikki ovat varmaan kuulleet jonkun toteavan, ett\u00e4 \u201d<em>se ja se on tosi kiva kes\u00e4kaupunki<\/em>\u201d. No, mik\u00e4p\u00e4 paikka ei olisi kiva ankean ja harmaan talven j\u00e4lkeen. Mutta mik\u00e4 kaupunki Suomessa on&nbsp;<em>ihan oikeasti<\/em>&nbsp;kiva kes\u00e4kaupunki? Uskaltaisin v\u00e4itt\u00e4\u00e4, ett\u00e4 Raasepori on hyvinkin vahvoilla t\u00e4m\u00e4n kisan voittajaksi. T\u00e4ss\u00e4 viisi perustetta!<\/p>\n\n\n\n<ol class=\"wp-block-list\">\n<li><strong>Tammisaari<\/strong><\/li>\n<\/ol>\n\n\n\n<p>Idyllinen&nbsp;<a href=\"http:\/\/www.visitraseborg.com\/fi\/nahtavyydet\/tammisaari\" target=\"_blank\" rel=\"noreferrer noopener\" aria-label=\" (opens in a new tab)\">vanhaa aikaa henkiv\u00e4 puukeskusta<\/a>&nbsp;vie matkailijan toiselle vuosikymmenelle. Rauhallinen el\u00e4m\u00e4nmeno ja merellinen tunnelma ovat kes\u00e4\u00e4 parhaimmillaan.<\/p>\n\n\n\n<ol class=\"wp-block-list\">\n<li><strong>Fiskars Village<\/strong><\/li>\n<\/ol>\n\n\n\n<p><a href=\"http:\/\/www.fiskarsvillage.fi\/\" target=\"_blank\" rel=\"noreferrer noopener\" aria-label=\" (opens in a new tab)\">Vanha rautaruukki<\/a>&nbsp;entisess\u00e4 Pohjan kunnassa on nyky\u00e4\u00e4n yksi Etel\u00e4-Suomen tunnetuimmista matkailukohteista. Designin ja k\u00e4sity\u00f6l\u00e4isten keskus yll\u00e4tt\u00e4\u00e4 monipuolisuudellaan.<\/p>\n\n\n\n<ol class=\"wp-block-list\">\n<li><strong>Meri<\/strong><\/li>\n<\/ol>\n\n\n\n<p><a href=\"http:\/\/www.ekenasport.fi\/\" target=\"_blank\" rel=\"noreferrer noopener\" aria-label=\" (opens in a new tab)\">Tammisaaren vierasvenesatama<\/a>,<a href=\"http:\/\/www.sommarostrand.fi\/\" target=\"_blank\" rel=\"noreferrer noopener\" aria-label=\" (opens in a new tab)\">&nbsp;Sommar\u00f6strand<\/a>,&nbsp;<a href=\"http:\/\/www.luontoon.fi\/tammisaarensaaristo\" target=\"_blank\" rel=\"noreferrer noopener\" aria-label=\" (opens in a new tab)\">Tammisaaren saariston kansallispuisto<\/a>, jne. Meri on todellakin l\u00e4sn\u00e4 Raaseporissa ja mm. alueen sadat m\u00f6kkil\u00e4iset nauttivat It\u00e4meren aaltojen loiskeesta.<\/p>\n\n\n\n<ol class=\"wp-block-list\">\n<li><strong>Tapahtumat<\/strong><\/li>\n<\/ol>\n\n\n\n<p>Mustion Linnan kes\u00e4teatteri, Faces festivaali, Fiskarsin antiikkip\u00e4iv\u00e4t tai Tammisaaren kes\u00e4konsertit.&nbsp;<a href=\"http:\/\/www.visitraseborg.com\/fi\/tapahtumat\" target=\"_blank\" rel=\"noreferrer noopener\" aria-label=\" (opens in a new tab)\">Raaseporin kes\u00e4inen tarjonta<\/a>&nbsp;ei rajoitu yhteen markkinap\u00e4iv\u00e4\u00e4n, vaan tarjontaa on l\u00e4pi kes\u00e4n!<\/p>\n\n\n\n<ol class=\"wp-block-list\">\n<li><strong>Naapurit<\/strong><\/li>\n<\/ol>\n\n\n\n<p>Raaseporin vahvuuksiin kuuluu my\u00f6s huippunaapurit.&nbsp;<a href=\"http:\/\/tourism.hanko.fi\/\" target=\"_blank\" rel=\"noreferrer noopener\" aria-label=\" (opens in a new tab)\">Hanko<\/a>&nbsp;\u2013 joka kilpailee varsin tasav\u00e4kisesti Suomen parhaan kes\u00e4kaupungin tittelist\u00e4 \u2013 on aivan vieress\u00e4. Samoin esimerkiksi&nbsp;<a rel=\"noreferrer noopener\" href=\"https:\/\/web.archive.org\/web\/20160910184308\/https:\/\/fi.wikipedia.org\/wiki\/Karjalohja\" target=\"_blank\">Karjalohja<\/a>,&nbsp;<a rel=\"noreferrer noopener\" href=\"https:\/\/web.archive.org\/web\/20160910184308\/http:\/\/www.lohjansaaristo.fi\/\" target=\"_blank\">Lohjan saaristo<\/a>&nbsp;sek\u00e4&nbsp;<a rel=\"noreferrer noopener\" href=\"https:\/\/web.archive.org\/web\/20160910184308\/http:\/\/palvelut.lohja.fi\/tytyrinkaivos\/\" target=\"_blank\">Tytyrin kaivos<\/a>&nbsp;t\u00e4ydent\u00e4v\u00e4t Raaseporin jo itsess\u00e4\u00e4n vahvaa tarjontaa.<\/p>\n\n\n\n<p>Raaseporiin ajaa noin tunnissa Helsingist\u00e4. Eli siin\u00e4kin mieless\u00e4 varsin varteenotettava vaihtoehto!<\/p>\n\n\n\n<script async src=\"https:\/\/tp.media\/content?currency=eur&#038;trs=29614&#038;shmarker=194011&#038;show_hotels=true&#038;powered_by=true&#038;locale=fi&#038;searchUrl=www.aviasales.com%2Fsearch&#038;color_button=%2332a8dd&#038;color_icons=%2332a8dd&#038;secondary=%23FFFFFF&#038;dark=%23262626&#038;light=%23FFFFFF&#038;special=%23C4C4C4&#038;color_focused=%2332a8dd&#038;border_radius=0&#038;plain=false&#038;promo_id=7873&#038;campaign_id=101\" charset=\"utf-8\"><\/script>\n","protected":false},"excerpt":{"rendered":"<p>ONKO RAASEPORI SUOMEN PARAS KES\u00c4KAUPUNKI? Kaikki ovat varmaan kuulleet jonkun toteavan, ett\u00e4 \u201dse ja se on tosi kiva kes\u00e4kaupunki\u201d. No, mik\u00e4p\u00e4 paikka ei olisi kiva ankean ja harmaan talven j\u00e4lkeen. Mutta mik\u00e4 kaupunki Suomessa on&nbsp;ihan oikeasti&nbsp;kiva kes\u00e4kaupunki? Uskaltaisin v\u00e4itt\u00e4\u00e4, ett\u00e4 Raasepori on hyvinkin vahvoilla t\u00e4m\u00e4n kisan voittajaksi. T\u00e4ss\u00e4 viisi perustetta! Idyllinen&nbsp;vanhaa aikaa henkiv\u00e4 puukeskusta&nbsp;vie matkailijan [&hellip;]<\/p>\n","protected":false},"author":1,"featured_media":0,"parent":0,"menu_order":0,"comment_status":"closed","ping_status":"closed","template":"","meta":{"footnotes":""},"class_list":["post-10","page","type-page","status-publish","hentry"],"jetpack_sharing_enabled":true,"_links":{"self":[{"href":"https:\/\/visitsouthcoastfinland.fi\/index.php?rest_route=\/wp\/v2\/pages\/10","targetHints":{"allow":["GET"]}}],"collection":[{"href":"https:\/\/visitsouthcoastfinland.fi\/index.php?rest_route=\/wp\/v2\/pages"}],"about":[{"href":"https:\/\/visitsouthcoastfinland.fi\/index.php?rest_route=\/wp\/v2\/types\/page"}],"author":[{"embeddable":true,"href":"https:\/\/visitsouthcoastfinland.fi\/index.php?rest_route=\/wp\/v2\/users\/1"}],"replies":[{"embeddable":true,"href":"https:\/\/visitsouthcoastfinland.fi\/index.php?rest_route=%2Fwp%2Fv2%2Fcomments&post=10"}],"version-history":[{"count":5,"href":"https:\/\/visitsouthcoastfinland.fi\/index.php?rest_route=\/wp\/v2\/pages\/10\/revisions"}],"predecessor-version":[{"id":29,"href":"https:\/\/visitsouthcoastfinland.fi\/index.php?rest_route=\/wp\/v2\/pages\/10\/revisions\/29"}],"wp:attachment":[{"href":"https:\/\/visitsouthcoastfinland.fi\/index.php?rest_route=%2Fwp%2Fv2%2Fmedia&parent=10"}],"curies":[{"name":"wp","href":"https:\/\/api.w.org\/{rel}","templated":true}]}}